{"id":1009,"date":"2025-01-03T16:56:56","date_gmt":"2025-01-03T16:56:56","guid":{"rendered":"https:\/\/itsl.splitdev.org\/office\/"},"modified":"2025-01-10T17:29:57","modified_gmt":"2025-01-10T17:29:57","slug":"office","status":"publish","type":"page","link":"https:\/\/itsl.splitdev.org\/en\/office\/","title":{"rendered":"Office"},"content":{"rendered":"\n<section class=\"hero-hubs   decorative_background column_reverse alignwide\" id=\"\">\n    <div class=\"container--full\">\n        <div class=\"hero-hubs__image\">\n            <h2>SDC<\/h2>\n            <img fetchpriority=\"high\" decoding=\"async\" width=\"1024\" height=\"319\" src=\"https:\/\/itsl.splitdev.org\/wp-content\/uploads\/2024\/09\/Background1-1024x319.webp\" class=\"desktop-image\" alt=\"\" loading=\"eager\" srcset=\"https:\/\/itsl.splitdev.org\/wp-content\/uploads\/2024\/09\/Background1-1024x319.webp 1024w, https:\/\/itsl.splitdev.org\/wp-content\/uploads\/2024\/09\/Background1-300x94.webp 300w, https:\/\/itsl.splitdev.org\/wp-content\/uploads\/2024\/09\/Background1-768x239.webp 768w, https:\/\/itsl.splitdev.org\/wp-content\/uploads\/2024\/09\/Background1.jpg 1312w\" sizes=\"(max-width: 1024px) 100vw, 1024px\" \/><img decoding=\"async\" width=\"342\" height=\"411\" src=\"https:\/\/itsl.splitdev.org\/wp-content\/uploads\/2024\/09\/Background2.jpg\" class=\"mobile-image\" alt=\"\" loading=\"eager\" srcset=\"https:\/\/itsl.splitdev.org\/wp-content\/uploads\/2024\/09\/Background2.jpg 342w, https:\/\/itsl.splitdev.org\/wp-content\/uploads\/2024\/09\/Background2-250x300.webp 250w\" sizes=\"(max-width: 342px) 100vw, 342px\" \/>        <\/div>\n            <\/div>\n<\/section>\n\n<section class=\"grid-details   alignwide\" id=\"\">\n    <div class=\"container--full\">\n                    <div class=\"grid-details__content\">\n                                    <div class=\"grid-details__content_box\">\n                        <img decoding=\"async\" width=\"520\" height=\"360\" src=\"https:\/\/itsl.splitdev.org\/wp-content\/uploads\/2024\/09\/sdk_about-1.png\" class=\"desktop-image\" alt=\"\" loading=\"eager\" srcset=\"https:\/\/itsl.splitdev.org\/wp-content\/uploads\/2024\/09\/sdk_about-1.png 520w, https:\/\/itsl.splitdev.org\/wp-content\/uploads\/2024\/09\/sdk_about-1-300x208.webp 300w\" sizes=\"(max-width: 520px) 100vw, 520px\" \/>                        <div>\n                            <h2>Secure Digital Communication<\/h2>\n                            <p>Lorem ipsum dolor sit amet, consectetur adipiscing elit, sed do eiusmod tempor incididunt ut labore. Et dolore magna aliqua. Ut enim ad minim veniam, quis nostrud exercitation ullamco laboris. Lorem ipsum dolor sit amet, consectetur adipiscing elit, sed do eiusmod tempor incididunt ut labore. Et dolore magna aliqua. Ut enim ad minim veniam, quis nostrud exercitation ullamco laboris.rnLorem ipsum dolor sit amet, consectetur adipiscing elit, sed do eiusmod tempor incididunt ut labore. Et dolore magna aliqua. Ut enim ad minim veniam, quis nostrud exercitation ullamco laboris. Lorem ipsum dolor sit amet, consectetur adipiscing elit, sed do eiusmod tempor incididunt ut labore. Et dolore magna aliqua. Ut enim ad minim veniam, quis nostrud exercitation ullamco laboris.<\/p>\n                        <\/div>\n                    <\/div>\n                                    <div class=\"grid-details__content_box\">\n                        <img decoding=\"async\" width=\"520\" height=\"360\" src=\"https:\/\/itsl.splitdev.org\/wp-content\/uploads\/2024\/09\/sdk_services-1.png\" class=\"desktop-image\" alt=\"\" loading=\"eager\" srcset=\"https:\/\/itsl.splitdev.org\/wp-content\/uploads\/2024\/09\/sdk_services-1.png 520w, https:\/\/itsl.splitdev.org\/wp-content\/uploads\/2024\/09\/sdk_services-1-300x208.webp 300w\" sizes=\"(max-width: 520px) 100vw, 520px\" \/>                        <div>\n                            <h2>Benefits<\/h2>\n                            <p>Lorem ipsum dolor sit amet, consectetur adipiscing elit, sed do eiusmod tempor incididunt ut labore. Et dolore magna aliqua. Ut enim ad minim veniam, quis nostrud exercitation ullamco laboris. Lorem ipsum dolor sit amet, consectetur adipiscing elit, sed do eiusmod tempor incididunt ut labore. Et dolore magna aliqua. Ut enim ad minim veniam, quis nostrud exercitation ullamco laboris.rnLorem ipsum dolor sit amet, consectetur adipiscing elit, sed do eiusmod tempor incididunt ut labore. Et dolore magna aliqua. Ut enim ad minim veniam, quis nostrud exercitation ullamco laboris. Lorem ipsum dolor sit amet, consectetur adipiscing elit, sed do eiusmod tempor incididunt ut labore. Et dolore magna aliqua. Ut enim ad minim veniam, quis nostrud exercitation ullamco laboris.<\/p>\n                        <\/div>\n                    <\/div>\n                            <\/div>\n                            <a class=\"button\" href=\"https:\/\/itsl.splitdev.org\/en\/contact-us\/\"\n               target=\"_self\">Contact Us<\/a>\n            <\/div>\n<\/section>\n\n\n<section class=\"cta-banner   alignwide\" id=\"\">\n    <div class=\"container--full\">\n        <div class=\"cta-banner__content\">\n            <img decoding=\"async\" width=\"1024\" height=\"628\" src=\"https:\/\/itsl.splitdev.org\/wp-content\/uploads\/2024\/08\/Logo1.svg\" class=\"attachment-large size-large\" alt=\"\" loading=\"eager\" \/>            <h2>Experience the power of our solution firsthand! <\/h2>\n            <p>F\u00e5 en personlig demo idag och se hur vi kan f\u00f6r\u00e4ndra ditt arbetsfl\u00f6de. nDon&#8217;t miss out\u2014schedule your demo now!<\/p>\n                            <a class=\"button\" href=\"#open_form\"\n                   target=\"_self\">Get a Demo<\/a>\n                    <\/div>\n    <\/div>\n<\/section>","protected":false},"excerpt":{"rendered":"","protected":false},"author":1,"featured_media":0,"parent":0,"menu_order":0,"comment_status":"closed","ping_status":"closed","template":"","meta":{"_acf_changed":false,"inline_featured_image":false,"footnotes":""},"class_list":["post-1009","page","type-page","status-publish","hentry"],"acf":[],"yoast_head":"<!-- This site is optimized with the Yoast SEO plugin v23.4 - https:\/\/yoast.com\/wordpress\/plugins\/seo\/ -->\n<title>Office - ITSL Solution<\/title>\n<meta name=\"robots\" content=\"noindex, follow, max-snippet:-1, max-image-preview:large, max-video-preview:-1\" \/>\n<meta property=\"og:locale\" content=\"en_US\" \/>\n<meta property=\"og:type\" content=\"article\" \/>\n<meta property=\"og:title\" content=\"Office - ITSL Solution\" \/>\n<meta property=\"og:url\" content=\"https:\/\/itsl.splitdev.org\/en\/office\/\" \/>\n<meta property=\"og:site_name\" content=\"ITSL Solution\" \/>\n<meta property=\"article:modified_time\" content=\"2025-01-10T17:29:57+00:00\" \/>\n<meta name=\"twitter:card\" content=\"summary_large_image\" \/>\n<script type=\"application\/ld+json\" class=\"yoast-schema-graph\">{\"@context\":\"https:\/\/schema.org\",\"@graph\":[{\"@type\":\"WebPage\",\"@id\":\"https:\/\/itsl.splitdev.org\/en\/office\/\",\"url\":\"https:\/\/itsl.splitdev.org\/en\/office\/\",\"name\":\"Office - ITSL Solution\",\"isPartOf\":{\"@id\":\"https:\/\/itsl.splitdev.org\/#website\"},\"datePublished\":\"2025-01-03T16:56:56+00:00\",\"dateModified\":\"2025-01-10T17:29:57+00:00\",\"breadcrumb\":{\"@id\":\"https:\/\/itsl.splitdev.org\/en\/office\/#breadcrumb\"},\"inLanguage\":\"en-US\",\"potentialAction\":[{\"@type\":\"ReadAction\",\"target\":[\"https:\/\/itsl.splitdev.org\/en\/office\/\"]}]},{\"@type\":\"BreadcrumbList\",\"@id\":\"https:\/\/itsl.splitdev.org\/en\/office\/#breadcrumb\",\"itemListElement\":[{\"@type\":\"ListItem\",\"position\":1,\"name\":\"Home\",\"item\":\"https:\/\/itsl.splitdev.org\/en\/\"},{\"@type\":\"ListItem\",\"position\":2,\"name\":\"Office\"}]},{\"@type\":\"WebSite\",\"@id\":\"https:\/\/itsl.splitdev.org\/#website\",\"url\":\"https:\/\/itsl.splitdev.org\/\",\"name\":\"ITSL Solution\",\"description\":\"\",\"publisher\":{\"@id\":\"https:\/\/itsl.splitdev.org\/#organization\"},\"potentialAction\":[{\"@type\":\"SearchAction\",\"target\":{\"@type\":\"EntryPoint\",\"urlTemplate\":\"https:\/\/itsl.splitdev.org\/?s={search_term_string}\"},\"query-input\":{\"@type\":\"PropertyValueSpecification\",\"valueRequired\":true,\"valueName\":\"search_term_string\"}}],\"inLanguage\":\"en-US\"},{\"@type\":\"Organization\",\"@id\":\"https:\/\/itsl.splitdev.org\/#organization\",\"name\":\"ITSL Solution\",\"url\":\"https:\/\/itsl.splitdev.org\/\",\"logo\":{\"@type\":\"ImageObject\",\"inLanguage\":\"en-US\",\"@id\":\"https:\/\/itsl.splitdev.org\/#\/schema\/logo\/image\/\",\"url\":\"https:\/\/itsl.splitdev.org\/wp-content\/uploads\/2024\/08\/Logo1.svg\",\"contentUrl\":\"https:\/\/itsl.splitdev.org\/wp-content\/uploads\/2024\/08\/Logo1.svg\",\"width\":85,\"height\":52,\"caption\":\"ITSL Solution\"},\"image\":{\"@id\":\"https:\/\/itsl.splitdev.org\/#\/schema\/logo\/image\/\"}}]}<\/script>\n<!-- \/ Yoast SEO plugin. -->","yoast_head_json":{"title":"Office - ITSL Solution","robots":{"index":"noindex","follow":"follow","max-snippet":"max-snippet:-1","max-image-preview":"max-image-preview:large","max-video-preview":"max-video-preview:-1"},"og_locale":"en_US","og_type":"article","og_title":"Office - ITSL Solution","og_url":"https:\/\/itsl.splitdev.org\/en\/office\/","og_site_name":"ITSL Solution","article_modified_time":"2025-01-10T17:29:57+00:00","twitter_card":"summary_large_image","schema":{"@context":"https:\/\/schema.org","@graph":[{"@type":"WebPage","@id":"https:\/\/itsl.splitdev.org\/en\/office\/","url":"https:\/\/itsl.splitdev.org\/en\/office\/","name":"Office - ITSL Solution","isPartOf":{"@id":"https:\/\/itsl.splitdev.org\/#website"},"datePublished":"2025-01-03T16:56:56+00:00","dateModified":"2025-01-10T17:29:57+00:00","breadcrumb":{"@id":"https:\/\/itsl.splitdev.org\/en\/office\/#breadcrumb"},"inLanguage":"en-US","potentialAction":[{"@type":"ReadAction","target":["https:\/\/itsl.splitdev.org\/en\/office\/"]}]},{"@type":"BreadcrumbList","@id":"https:\/\/itsl.splitdev.org\/en\/office\/#breadcrumb","itemListElement":[{"@type":"ListItem","position":1,"name":"Home","item":"https:\/\/itsl.splitdev.org\/en\/"},{"@type":"ListItem","position":2,"name":"Office"}]},{"@type":"WebSite","@id":"https:\/\/itsl.splitdev.org\/#website","url":"https:\/\/itsl.splitdev.org\/","name":"ITSL Solution","description":"","publisher":{"@id":"https:\/\/itsl.splitdev.org\/#organization"},"potentialAction":[{"@type":"SearchAction","target":{"@type":"EntryPoint","urlTemplate":"https:\/\/itsl.splitdev.org\/?s={search_term_string}"},"query-input":{"@type":"PropertyValueSpecification","valueRequired":true,"valueName":"search_term_string"}}],"inLanguage":"en-US"},{"@type":"Organization","@id":"https:\/\/itsl.splitdev.org\/#organization","name":"ITSL Solution","url":"https:\/\/itsl.splitdev.org\/","logo":{"@type":"ImageObject","inLanguage":"en-US","@id":"https:\/\/itsl.splitdev.org\/#\/schema\/logo\/image\/","url":"https:\/\/itsl.splitdev.org\/wp-content\/uploads\/2024\/08\/Logo1.svg","contentUrl":"https:\/\/itsl.splitdev.org\/wp-content\/uploads\/2024\/08\/Logo1.svg","width":85,"height":52,"caption":"ITSL Solution"},"image":{"@id":"https:\/\/itsl.splitdev.org\/#\/schema\/logo\/image\/"}}]}},"_links":{"self":[{"href":"https:\/\/itsl.splitdev.org\/en\/wp-json\/wp\/v2\/pages\/1009","targetHints":{"allow":["GET"]}}],"collection":[{"href":"https:\/\/itsl.splitdev.org\/en\/wp-json\/wp\/v2\/pages"}],"about":[{"href":"https:\/\/itsl.splitdev.org\/en\/wp-json\/wp\/v2\/types\/page"}],"author":[{"embeddable":true,"href":"https:\/\/itsl.splitdev.org\/en\/wp-json\/wp\/v2\/users\/1"}],"replies":[{"embeddable":true,"href":"https:\/\/itsl.splitdev.org\/en\/wp-json\/wp\/v2\/comments?post=1009"}],"version-history":[{"count":3,"href":"https:\/\/itsl.splitdev.org\/en\/wp-json\/wp\/v2\/pages\/1009\/revisions"}],"predecessor-version":[{"id":1146,"href":"https:\/\/itsl.splitdev.org\/en\/wp-json\/wp\/v2\/pages\/1009\/revisions\/1146"}],"wp:attachment":[{"href":"https:\/\/itsl.splitdev.org\/en\/wp-json\/wp\/v2\/media?parent=1009"}],"curies":[{"name":"wp","href":"https:\/\/api.w.org\/{rel}","templated":true}]}}